{"id":525,"date":"2021-03-31T18:30:25","date_gmt":"2021-03-31T18:30:25","guid":{"rendered":"https:\/\/carbonneutralagsciences.com\/?page_id=525"},"modified":"2023-01-05T00:09:07","modified_gmt":"2023-01-05T00:09:07","slug":"application-videos","status":"publish","type":"page","link":"https:\/\/carbonneutralagsciences.com\/es\/application-videos\/","title":{"rendered":"V\u00eddeos de aplicaciones"},"content":{"rendered":"<div id=\"cs-content\" class=\"cs-content\"><\/div>","protected":false},"excerpt":{"rendered":"<p>Videos de aplicacionesAplicaci\u00f3n sencillaMenos gotas, m\u00e1s cultivos: aumentos de dos d\u00edgitos en los rendimientos, al tiempo que se reducen significativamente los costos de agua, lo que puede aumentar dr\u00e1sticamente el retorno de la inversi\u00f3n. BountiGel se aplica con equipo convencional, ya sea como gr\u00e1nulo (G, M) a trav\u00e9s de cajas estilo Gandy, o como polvo mezclado en suspensi\u00f3n l\u00edquida (P). Se puede aplicar con cuchillo o v\u00e1stago en la preparaci\u00f3n del suelo, el trasplante o despu\u00e9s de la siembra. Aqu\u00ed \u2026 <a href=\"https:\/\/carbonneutralagsciences.com\/es\/application-videos\/\" class=\"more-link\">Lee mas<\/a><\/p>","protected":false},"author":1,"featured_media":0,"parent":0,"menu_order":0,"comment_status":"closed","ping_status":"closed","template":"template-layout-content-sidebar.php","meta":{"nf_dc_page":"","footnotes":""},"class_list":["post-525","page","type-page","status-publish","hentry","no-post-thumbnail"],"_links":{"self":[{"href":"https:\/\/carbonneutralagsciences.com\/es\/wp-json\/wp\/v2\/pages\/525","targetHints":{"allow":["GET"]}}],"collection":[{"href":"https:\/\/carbonneutralagsciences.com\/es\/wp-json\/wp\/v2\/pages"}],"about":[{"href":"https:\/\/carbonneutralagsciences.com\/es\/wp-json\/wp\/v2\/types\/page"}],"author":[{"embeddable":true,"href":"https:\/\/carbonneutralagsciences.com\/es\/wp-json\/wp\/v2\/users\/1"}],"replies":[{"embeddable":true,"href":"https:\/\/carbonneutralagsciences.com\/es\/wp-json\/wp\/v2\/comments?post=525"}],"version-history":[{"count":4,"href":"https:\/\/carbonneutralagsciences.com\/es\/wp-json\/wp\/v2\/pages\/525\/revisions"}],"predecessor-version":[{"id":668,"href":"https:\/\/carbonneutralagsciences.com\/es\/wp-json\/wp\/v2\/pages\/525\/revisions\/668"}],"wp:attachment":[{"href":"https:\/\/carbonneutralagsciences.com\/es\/wp-json\/wp\/v2\/media?parent=525"}],"curies":[{"name":"gracias","href":"https:\/\/api.w.org\/{rel}","templated":true}]}}