{"id":246,"date":"2020-08-03T15:43:54","date_gmt":"2020-08-03T15:43:54","guid":{"rendered":"https:\/\/carbonneutralagsciences.com\/?page_id=246"},"modified":"2023-01-05T01:46:57","modified_gmt":"2023-01-05T01:46:57","slug":"contact","status":"publish","type":"page","link":"https:\/\/carbonneutralagsciences.com\/es\/contact\/","title":{"rendered":"Contacto"},"content":{"rendered":"<div id=\"cs-content\" class=\"cs-content\"><\/div>","protected":false},"excerpt":{"rendered":"<p>Nos encantar\u00eda saber de usted Si est\u00e1 listo para &quot;Menos gotas, m\u00e1s cosechas&quot;, hablemos. Nuestros agr\u00f3nomos est\u00e1n disponibles para responder sus preguntas sobre la selecci\u00f3n de productos, tasas de aplicaci\u00f3n y m\u00e1s. \u00a1Garant\u00eda de devoluci\u00f3n del dinero! Cont\u00e1ctenos para m\u00e1s detalles. &quot;*&quot; indica campos obligatorios Nombre* Nombre Apellido Correo electr\u00f3nico* Tel\u00e9fonoPa\u00eds*Afganist\u00e1nAlbaniaArgeliaSamoa AmericanaAndorraAngolaAnguilaAnt\u00e1rtidaAntigua y BarbudaArgentinaArmeniaArubaAustraliaAustriaAzerbaiy\u00e1nBahamasBahrainBangladeshBarbadosBielorrusiaB\u00e9lgicaBelizeBeninBermudasBut\u00e1nBoliviaBonaire, Sint Eustatius y la isla de SabaBosnia y HerzegovinaBr... <a href=\"https:\/\/carbonneutralagsciences.com\/es\/contact\/\" class=\"more-link\">Lee mas<\/a><\/p>","protected":false},"author":1,"featured_media":0,"parent":0,"menu_order":0,"comment_status":"closed","ping_status":"closed","template":"template-layout-content-sidebar.php","meta":{"nf_dc_page":"","footnotes":""},"class_list":["post-246","page","type-page","status-publish","hentry","no-post-thumbnail"],"_links":{"self":[{"href":"https:\/\/carbonneutralagsciences.com\/es\/wp-json\/wp\/v2\/pages\/246","targetHints":{"allow":["GET"]}}],"collection":[{"href":"https:\/\/carbonneutralagsciences.com\/es\/wp-json\/wp\/v2\/pages"}],"about":[{"href":"https:\/\/carbonneutralagsciences.com\/es\/wp-json\/wp\/v2\/types\/page"}],"author":[{"embeddable":true,"href":"https:\/\/carbonneutralagsciences.com\/es\/wp-json\/wp\/v2\/users\/1"}],"replies":[{"embeddable":true,"href":"https:\/\/carbonneutralagsciences.com\/es\/wp-json\/wp\/v2\/comments?post=246"}],"version-history":[{"count":5,"href":"https:\/\/carbonneutralagsciences.com\/es\/wp-json\/wp\/v2\/pages\/246\/revisions"}],"predecessor-version":[{"id":683,"href":"https:\/\/carbonneutralagsciences.com\/es\/wp-json\/wp\/v2\/pages\/246\/revisions\/683"}],"wp:attachment":[{"href":"https:\/\/carbonneutralagsciences.com\/es\/wp-json\/wp\/v2\/media?parent=246"}],"curies":[{"name":"gracias","href":"https:\/\/api.w.org\/{rel}","templated":true}]}}