{"id":217,"date":"2020-08-02T21:41:44","date_gmt":"2020-08-02T21:41:44","guid":{"rendered":"https:\/\/carbonneutralagsciences.com\/?page_id=217"},"modified":"2024-09-16T22:09:51","modified_gmt":"2024-09-16T22:09:51","slug":"about-us","status":"publish","type":"page","link":"https:\/\/carbonneutralagsciences.com\/es\/about-us\/","title":{"rendered":"Sobre nosotros"},"content":{"rendered":"<div id=\"cs-content\" class=\"cs-content\"><div class=\"x-section e217-e1 m61-0 m61-1 m61-2 m61-3 m61-4 m61-5\"><div class=\"x-bg\" aria-hidden=\"true\"><div class=\"x-bg-layer-lower-image\" data-x-element-bg-layer=\"{&quot;parallaxSize&quot;:&quot;200%&quot;,&quot;parallaxDir&quot;:&quot;v&quot;,&quot;parallaxRev&quot;:false}\"><\/div><\/div><div class=\"x-row e217-e2 m61-9 m61-a m61-b m61-d m61-e\"><div class=\"x-row-inner\"><div class=\"x-col e217-e3 m61-l m61-m m61-n\"><div class=\"x-text x-content e217-e4 m61-u m61-v\"><h1><span style=\"color: #ffffff;\">Sobre nosotros<\/span><\/h1><\/div><\/div><\/div><\/div><\/div><div class=\"x-section e217-e5 m61-0 m61-1 m61-4 m61-6\"><div class=\"x-row x-container max width e217-e6 m61-9 m61-a m61-d m61-f\"><div class=\"x-row-inner\"><div class=\"x-col e217-e7 m61-l m61-n m61-o m61-p\"><div class=\"x-text x-text-headline e217-e8 m61-x m61-y m61-z\"><div class=\"x-text-content\"><div class=\"x-text-content-text\"><h2 class=\"x-text-content-text-primary\"><h5><span style=\"color: #013f8c;\">Quienes somos<\/span><\/h5><\/h2>\n<\/div><\/div><\/div><div class=\"x-text x-content e217-e9 m61-v m61-w\"><strong>La compa\u00f1\u00eda le ofrece un pol\u00edmero hidrof\u00edlico patentado de pr\u00f3xima generaci\u00f3n llamado BountiGel<\/strong> que puede contener 250 veces su peso en agua y se utiliza como enmienda del suelo agr\u00edcola. El producto retiene el exceso de agua cerca de las semillas o las ra\u00edces y lo libera a medida que el suelo se seca, lo que reduce el estr\u00e9s de las plantas y aumenta significativamente el rendimiento de los cultivos, al tiempo que reduce las necesidades de agua y fertilizantes. BountiGel tambi\u00e9n puede mejorar la gesti\u00f3n de nutrientes y reducir la escorrent\u00eda y la erosi\u00f3n del suelo. Contiene <em>sin poliacrilamida<\/em>, haci\u00e9ndolo ecol\u00f3gico.\u00a0 <a href=\"https:\/\/carbonneutralagsciences.com\/bountigel-products\/\">Disponible en 2 formas<\/a>:BountiGel G (granular) y BountiGel P (en polvo).<\/div><\/div><div class=\"x-col e217-e10 m61-l m61-n m61-p m61-q\"><div class=\"x-frame x-frame-video-player e217-e11 m61-12 m61-13\"><div class=\"x-frame-inner\"><div class=\"x-video x-video-player youtube\" data-x-element-mejs=\"{&quot;poster&quot;:&quot;&quot;,&quot;options&quot;:{&quot;pause_out_of_view&quot;:false}}\"><video class=\"x-mejs\" poster=\"\" preload=\"metadata\" options=\"\"><source src=\"https:\/\/www.youtube.com\/watch?v=4g76YDhcofs\" type=\"video\/youtube\"><\/video><\/div><\/div><\/div><\/div><\/div><\/div><\/div><div class=\"x-section e217-e12 m61-0 m61-1 m61-2 m61-7\"><div class=\"x-row x-container max width e217-e13 m61-9 m61-c m61-g m61-h\"><div class=\"x-row-inner\"><div class=\"x-col e217-e14 m61-l m61-r\"><div class=\"x-text x-text-headline e217-e15 m61-x m61-z m61-10\"><div class=\"x-text-content\"><div class=\"x-text-content-text\"><h5 class=\"x-text-content-text-primary\"><h5><span style=\"color: #013f8c;\">Avance tecnol\u00f3gico<\/span><\/h5><\/h5>\n<\/div><\/div><\/div><div class=\"x-text x-content e217-e16 m61-v m61-w\"><strong>La tecnolog\u00eda de aditivos para el suelo de \u00faltima generaci\u00f3n de la compa\u00f1\u00eda produce un mayor rendimiento de los cultivos y reduce el consumo de agua.<\/strong><\/div><\/div><\/div><\/div><div class=\"x-row x-container max width e217-e17 m61-9 m61-c m61-g m61-i\"><div class=\"x-row-inner\"><div class=\"x-col e217-e18 m61-l m61-r\"><div class=\"x-text x-text-headline e217-e19 m61-x m61-z m61-10\"><div class=\"x-text-content\"><div class=\"x-text-content-text\"><h5 class=\"x-text-content-text-primary\"><h5><span style=\"color: #013f8c;\">Detalles tecnol\u00f3gicos<\/span><\/h5><\/h5>\n<\/div><\/div><\/div><div class=\"x-text x-content e217-e20 m61-v m61-w\"><p><strong>Carbon Neutral Ag Sciences se especializa en la aplicaci\u00f3n de la ciencia para crear productos innovadores y patentados que abordan desaf\u00edos actuales, como el acceso al agua en la agricultura.<\/strong><\/p>\n<p>Usando qu\u00edmica avanzada y patentada, la compa\u00f1\u00eda fabrica BountiGel<sup>\u00ae<\/sup> &nbsp;una enmienda de suelo ecol\u00f3gica y s\u00faper absorbente que absorbe hasta 250 veces su peso en agua mientras mantiene su resistencia mec\u00e1nica. BountiGel absorber\u00e1 y liberar\u00e1 agua repetidamente al sistema radicular, utilizando su estructura \u00fanica de doble enlace cruzado. Debido a su resistencia mec\u00e1nica superior, el BountiGel permanece efectivo hasta por tres a\u00f1os hasta que se biodegrada de manera segura y <em>no contiene poliacrilamida<\/em>.<\/p>\n<p>La visi\u00f3n de la empresa es promover la sustentabilidad econ\u00f3mica y ambiental a trav\u00e9s de tecnolog\u00eda que promueva la gesti\u00f3n eficiente del agua en la agricultura.<\/p><\/div><\/div><div class=\"x-col e217-e21 m61-l m61-r\"><div class=\"x-text x-text-headline e217-e22 m61-x m61-z m61-10\"><div class=\"x-text-content\"><div class=\"x-text-content-text\"><h5 class=\"x-text-content-text-primary\"><h5><span style=\"color: #013f8c;\">Validaci\u00f3n de tecnolog\u00eda<\/span><\/h5><\/h5>\n<\/div><\/div><\/div><div class=\"x-text x-content e217-e23 m61-v m61-w\"><p>Los ensayos de campo realizados por UC Davis, UC Cooperative Extension y CSU Fresno han demostrado mayores rendimientos y menores necesidades de agua en una amplia variedad de cultivos. Un programa piloto realizado en 2013 con docenas de granjas dio como resultado una mejora del rendimiento promedio de 18% en una variedad de cultivos y tipos de suelo. Los resultados espec\u00edficos incluyen:<\/p>\n<ul>\n<li><strong>50% aumento de rendimiento<\/strong>&nbsp;para tomate fresco (CSU Fresno)<\/li>\n<li><strong>Aumento del rendimiento de 30% con 25% menos agua<\/strong>&nbsp;para br\u00f3coli (UC Davis \u2013 El Centro)<\/li>\n<li>El tomate fresco mantuvo el rendimiento con&nbsp;<strong>50% menos agua<\/strong>&nbsp;(granja comercial)<\/li>\n<\/ul>\n<p>Ver m\u00e1s datos de cultivos <a href=\"https:\/\/carbonneutralagsciences.com\/crop-data\/\">Aqu\u00ed...<\/a><\/p>\n<p><em><strong>Pregunte por nuestra Garant\u00eda de devoluci\u00f3n de dinero; cont\u00e1ctenos para obtener m\u00e1s detalles.<\/strong><\/em><\/p><\/div><\/div><\/div><\/div><div class=\"x-row x-container max width e217-e24 m61-9 m61-c m61-g m61-j\"><div class=\"x-row-inner\"><div class=\"x-col e217-e25 m61-l m61-r\"><div class=\"x-text x-text-headline e217-e26 m61-x m61-z m61-10\"><div class=\"x-text-content\"><div class=\"x-text-content-text\"><h5 class=\"x-text-content-text-primary\"><h5><span style=\"color: #013f8c;\">Orientaci\u00f3n de expertos<\/span><\/h5><\/h5>\n<\/div><\/div><\/div><div class=\"x-text x-content e217-e27 m61-v m61-w\">BountiGel tambi\u00e9n se puede formular a medida en base a pruebas de campo que consideran el cultivo, el tipo de suelo y los requisitos de nutrientes. Nuestro agr\u00f3nomo puede brindarle orientaci\u00f3n en funci\u00f3n de su situaci\u00f3n espec\u00edfica.<\/div><\/div><div class=\"x-col e217-e28 m61-l m61-r\"><div class=\"x-text x-text-headline e217-e29 m61-x m61-z m61-10\"><div class=\"x-text-content\"><div class=\"x-text-content-text\"><h5 class=\"x-text-content-text-primary\"><h5><span style=\"color: #013f8c;\">Garant\u00eda de Calidad<\/span><\/h5><\/h5>\n<\/div><\/div><\/div><div class=\"x-text x-content e217-e30 m61-v m61-w\">BountiGel se fabrica en una instalaci\u00f3n con certificaci\u00f3n ISO 9001 bajo estrictas pr\u00e1cticas de fabricaci\u00f3n. Todos los productos se someten a pruebas de calidad para la absorci\u00f3n de agua y la resistencia mec\u00e1nica antes de su env\u00edo.<\/div><\/div><\/div><\/div><\/div><div class=\"x-section e217-e31 m61-1 m61-2 m61-3 m61-4 m61-8\"><div class=\"x-row x-container max width e217-e32 m61-9 m61-a m61-d m61-k\"><div class=\"x-row-inner\"><div class=\"x-col e217-e33 m61-l m61-r m61-s\"><div class=\"x-text x-text-headline e217-e34 m61-x m61-10 m61-11\"><div class=\"x-text-content\"><div class=\"x-text-content-text\"><h1 class=\"x-text-content-text-primary\"><h5>Menos gotas. M\u00e1s cultivos.<\/h5><\/h1>\n<\/div><\/div><\/div><\/div><div class=\"x-col e217-e35 m61-l m61-r m61-t\"><div class=\"x-text x-content e217-e36 m61-v m61-w\"><strong>Menos gotas, m\u00e1s cosecha: <\/strong>\u00a0Aumentos de dos d\u00edgitos en los rendimientos, al tiempo que reducen significativamente los costos del agua, lo que puede aumentar dr\u00e1sticamente el ROI.<\/div><\/div><\/div><\/div><\/div><\/div>","protected":false},"excerpt":{"rendered":"<p>About UsWho we are The company brings you a proprietary, next-generation hydrophilic polymer called BountiGel that can hold 250 times its weight in water and is used as an agricultural soil amendment. \u00a0The product holds excess water near the seeds or roots and releases it as the soil dries out, resulting in less plant stress and significantly higher crop yields &#8230; <a href=\"https:\/\/carbonneutralagsciences.com\/es\/about-us\/\" class=\"more-link\">Lee mas<\/a><\/p>","protected":false},"author":1,"featured_media":0,"parent":0,"menu_order":0,"comment_status":"closed","ping_status":"closed","template":"template-layout-content-sidebar.php","meta":{"nf_dc_page":"","rs_blank_template":"","rs_page_bg_color":"","slide_template_v7":"","footnotes":""},"class_list":["post-217","page","type-page","status-publish","hentry","no-post-thumbnail"],"_links":{"self":[{"href":"https:\/\/carbonneutralagsciences.com\/es\/wp-json\/wp\/v2\/pages\/217","targetHints":{"allow":["GET"]}}],"collection":[{"href":"https:\/\/carbonneutralagsciences.com\/es\/wp-json\/wp\/v2\/pages"}],"about":[{"href":"https:\/\/carbonneutralagsciences.com\/es\/wp-json\/wp\/v2\/types\/page"}],"author":[{"embeddable":true,"href":"https:\/\/carbonneutralagsciences.com\/es\/wp-json\/wp\/v2\/users\/1"}],"replies":[{"embeddable":true,"href":"https:\/\/carbonneutralagsciences.com\/es\/wp-json\/wp\/v2\/comments?post=217"}],"version-history":[{"count":5,"href":"https:\/\/carbonneutralagsciences.com\/es\/wp-json\/wp\/v2\/pages\/217\/revisions"}],"predecessor-version":[{"id":716,"href":"https:\/\/carbonneutralagsciences.com\/es\/wp-json\/wp\/v2\/pages\/217\/revisions\/716"}],"wp:attachment":[{"href":"https:\/\/carbonneutralagsciences.com\/es\/wp-json\/wp\/v2\/media?parent=217"}],"curies":[{"name":"gracias","href":"https:\/\/api.w.org\/{rel}","templated":true}]}}