{"id":185,"date":"2020-07-31T16:26:00","date_gmt":"2020-07-31T16:26:00","guid":{"rendered":"https:\/\/carbonneutralagsciences.com\/?page_id=185"},"modified":"2023-01-05T01:47:33","modified_gmt":"2023-01-05T01:47:33","slug":"crop-data","status":"publish","type":"page","link":"https:\/\/carbonneutralagsciences.com\/es\/crop-data\/","title":{"rendered":"Datos de cultivo"},"content":{"rendered":"<div id=\"cs-content\" class=\"cs-content\"><\/div>","protected":false},"excerpt":{"rendered":"<p>Datos de cultivosBOUNTIGEL PARA TOMATES Mayor rendimiento por acre de m\u00e1s de +$370\/acre, con un rendimiento de +8,5% (4,5 toneladas\/acre) y un uso m\u00e1s eficiente del agua. Tres a\u00f1os de pruebas universitarias m\u00e1s los resultados de 2014 desde Stockton, CA hasta Lemoore... Datos de tomate: ingl\u00e9s Datos de tomate: espa\u00f1olBOUNTIGEL PARA LECHUGA Rendimientos mejorados en +6,2% con 100% de agua y +27,8% con solo 75% de agua. A\u00f1os de universidad\u2026 <a href=\"https:\/\/carbonneutralagsciences.com\/es\/crop-data\/\" class=\"more-link\">Lee mas<\/a><\/p>","protected":false},"author":1,"featured_media":0,"parent":0,"menu_order":0,"comment_status":"closed","ping_status":"closed","template":"template-layout-content-sidebar.php","meta":{"nf_dc_page":"","footnotes":""},"class_list":["post-185","page","type-page","status-publish","hentry","no-post-thumbnail"],"_links":{"self":[{"href":"https:\/\/carbonneutralagsciences.com\/es\/wp-json\/wp\/v2\/pages\/185","targetHints":{"allow":["GET"]}}],"collection":[{"href":"https:\/\/carbonneutralagsciences.com\/es\/wp-json\/wp\/v2\/pages"}],"about":[{"href":"https:\/\/carbonneutralagsciences.com\/es\/wp-json\/wp\/v2\/types\/page"}],"author":[{"embeddable":true,"href":"https:\/\/carbonneutralagsciences.com\/es\/wp-json\/wp\/v2\/users\/1"}],"replies":[{"embeddable":true,"href":"https:\/\/carbonneutralagsciences.com\/es\/wp-json\/wp\/v2\/comments?post=185"}],"version-history":[{"count":5,"href":"https:\/\/carbonneutralagsciences.com\/es\/wp-json\/wp\/v2\/pages\/185\/revisions"}],"predecessor-version":[{"id":684,"href":"https:\/\/carbonneutralagsciences.com\/es\/wp-json\/wp\/v2\/pages\/185\/revisions\/684"}],"wp:attachment":[{"href":"https:\/\/carbonneutralagsciences.com\/es\/wp-json\/wp\/v2\/media?parent=185"}],"curies":[{"name":"gracias","href":"https:\/\/api.w.org\/{rel}","templated":true}]}}